{"id":190,"date":"2020-07-26T21:44:12","date_gmt":"2020-07-27T00:44:12","guid":{"rendered":"https:\/\/arlsliberdade.com.br\/?page_id=190"},"modified":"2025-12-08T16:45:22","modified_gmt":"2025-12-08T19:45:22","slug":"fotos-de-eventos","status":"publish","type":"page","link":"https:\/\/arlsliberdade.com.br\/?page_id=190","title":{"rendered":"Fotos de Eventos"},"content":{"rendered":"\n<div class=\"wp-block-media-text alignwide is-stacked-on-mobile\"><figure class=\"wp-block-media-text__media\"><a href=\"https:\/\/arlsliberdade.com.br\/?page_id=171\"><img loading=\"lazy\" decoding=\"async\" width=\"1024\" height=\"568\" src=\"http:\/\/arlsliberdade.com.br\/wp-content\/uploads\/2020\/07\/IMG-20190729-WA0088-1024x568.jpg\" alt=\"\" class=\"wp-image-131 size-full\" srcset=\"https:\/\/arlsliberdade.com.br\/wp-content\/uploads\/2020\/07\/IMG-20190729-WA0088-1024x568.jpg 1024w, https:\/\/arlsliberdade.com.br\/wp-content\/uploads\/2020\/07\/IMG-20190729-WA0088-300x166.jpg 300w, https:\/\/arlsliberdade.com.br\/wp-content\/uploads\/2020\/07\/IMG-20190729-WA0088-768x426.jpg 768w, https:\/\/arlsliberdade.com.br\/wp-content\/uploads\/2020\/07\/IMG-20190729-WA0088.jpg 1122w\" sizes=\"auto, (max-width: 1024px) 100vw, 1024px\" \/><\/a><\/figure><div class=\"wp-block-media-text__content\">\n<pre class=\"wp-block-preformatted\"><strong><a href=\"https:\/\/arlsliberdade.com.br\/?page_id=171\">29 de Julho de 2019 - Sess\u00e3o P\u00fablica<\/a><\/strong>\n30 Anos da Loja Liberdade e Homenagem a Fam\u00edlia<\/pre>\n<\/div><\/div>\n\n\n\n<p><\/p>\n\n\n\n<div class=\"wp-block-media-text alignwide is-stacked-on-mobile\"><figure class=\"wp-block-media-text__media\"><a href=\"https:\/\/arlsliberdade.com.br\/?page_id=171\"><img loading=\"lazy\" decoding=\"async\" width=\"640\" height=\"480\" src=\"http:\/\/arlsliberdade.com.br\/wp-content\/uploads\/2025\/12\/IMG-20160405-WA0008.jpeg\" alt=\"\" class=\"wp-image-434 size-full\" srcset=\"https:\/\/arlsliberdade.com.br\/wp-content\/uploads\/2025\/12\/IMG-20160405-WA0008.jpeg 640w, https:\/\/arlsliberdade.com.br\/wp-content\/uploads\/2025\/12\/IMG-20160405-WA0008-300x225.jpeg 300w\" sizes=\"auto, (max-width: 640px) 100vw, 640px\" \/><\/a><\/figure><div class=\"wp-block-media-text__content\">\n<pre class=\"wp-block-preformatted\"><strong><a href=\"https:\/\/arlsliberdade.com.br\/?page_id=426\">05 de Abril de 2016 - <\/a><\/strong><br><\/pre>\n<\/div><\/div>\n\n\n\n<p><\/p>\n\n\n\n<div class=\"wp-block-media-text alignwide is-stacked-on-mobile\"><figure class=\"wp-block-media-text__media\"><a href=\"https:\/\/arlsliberdade.com.br\/?page_id=171\"><img loading=\"lazy\" decoding=\"async\" width=\"640\" height=\"360\" src=\"http:\/\/arlsliberdade.com.br\/wp-content\/uploads\/2025\/12\/IMG-20160621-WA0003.jpeg\" alt=\"\" class=\"wp-image-445 size-full\" srcset=\"https:\/\/arlsliberdade.com.br\/wp-content\/uploads\/2025\/12\/IMG-20160621-WA0003.jpeg 640w, https:\/\/arlsliberdade.com.br\/wp-content\/uploads\/2025\/12\/IMG-20160621-WA0003-300x169.jpeg 300w\" sizes=\"auto, (max-width: 640px) 100vw, 640px\" \/><\/a><\/figure><div class=\"wp-block-media-text__content\">\n<pre class=\"wp-block-preformatted\"><strong><a href=\"https:\/\/arlsliberdade.com.br\/?page_id=441\">20 de Junho de 2016 - <\/a><\/strong><\/pre>\n<\/div><\/div>\n\n\n\n<p><\/p>\n\n\n\n<div class=\"wp-block-media-text alignwide is-stacked-on-mobile\"><figure class=\"wp-block-media-text__media\"><a href=\"https:\/\/arlsliberdade.com.br\/?page_id=171\"><img loading=\"lazy\" decoding=\"async\" width=\"640\" height=\"480\" src=\"http:\/\/arlsliberdade.com.br\/wp-content\/uploads\/2025\/12\/IMG-20160822-WA0023.jpeg\" alt=\"\" class=\"wp-image-450 size-full\" srcset=\"https:\/\/arlsliberdade.com.br\/wp-content\/uploads\/2025\/12\/IMG-20160822-WA0023.jpeg 640w, https:\/\/arlsliberdade.com.br\/wp-content\/uploads\/2025\/12\/IMG-20160822-WA0023-300x225.jpeg 300w\" sizes=\"auto, (max-width: 640px) 100vw, 640px\" \/><\/a><\/figure><div class=\"wp-block-media-text__content\">\n<pre class=\"wp-block-preformatted\"><strong><a href=\"https:\/\/arlsliberdade.com.br\/?page_id=448\">22 de Agosto de 2016 - <\/a><\/strong><\/pre>\n<\/div><\/div>\n\n\n\n<p><\/p>\n\n\n\n<div class=\"wp-block-media-text alignwide is-stacked-on-mobile\"><figure class=\"wp-block-media-text__media\"><a href=\"https:\/\/arlsliberdade.com.br\/?page_id=458\"><img loading=\"lazy\" decoding=\"async\" width=\"1024\" height=\"768\" src=\"http:\/\/arlsliberdade.com.br\/wp-content\/uploads\/2025\/12\/Confraternizacao-20251206-02-1024x768.jpg\" alt=\"\" class=\"wp-image-474 size-full\" srcset=\"https:\/\/arlsliberdade.com.br\/wp-content\/uploads\/2025\/12\/Confraternizacao-20251206-02-1024x768.jpg 1024w, https:\/\/arlsliberdade.com.br\/wp-content\/uploads\/2025\/12\/Confraternizacao-20251206-02-300x225.jpg 300w, https:\/\/arlsliberdade.com.br\/wp-content\/uploads\/2025\/12\/Confraternizacao-20251206-02-768x576.jpg 768w, https:\/\/arlsliberdade.com.br\/wp-content\/uploads\/2025\/12\/Confraternizacao-20251206-02-1536x1152.jpg 1536w, https:\/\/arlsliberdade.com.br\/wp-content\/uploads\/2025\/12\/Confraternizacao-20251206-02.jpg 1600w\" sizes=\"auto, (max-width: 1024px) 100vw, 1024px\" \/><\/a><\/figure><div class=\"wp-block-media-text__content\">\n<pre class=\"wp-block-preformatted\"><a href=\"https:\/\/arlsliberdade.com.br\/?page_id=458\">06 de Dezembro de 2025 - Confrateniza\u00e7\u00e3o<\/a><\/pre>\n<\/div><\/div>\n\n\n\n<p><\/p>\n","protected":false},"excerpt":{"rendered":"<p>29 de Julho de 2019 &#8211; Sess\u00e3o P\u00fablica 30 Anos da Loja Liberdade e Homenagem a Fam\u00edlia 05 de Abril de 2016 &#8211; 20 de Junho de 2016 &#8211; 22 de Agosto de 2016 &#8211; 06 de Dezembro de 2025 &#8211; Confrateniza\u00e7\u00e3o<\/p>\n","protected":false},"author":8,"featured_media":0,"parent":0,"menu_order":0,"comment_status":"closed","ping_status":"closed","template":"","meta":{"neve_meta_sidebar":"full-width","neve_meta_container":"","neve_meta_enable_content_width":"on","neve_meta_content_width":100,"neve_meta_title_alignment":"","neve_meta_author_avatar":"","neve_post_elements_order":"","neve_meta_disable_header":"","neve_meta_disable_footer":"","neve_meta_disable_title":"","footnotes":""},"class_list":["post-190","page","type-page","status-publish","hentry"],"_links":{"self":[{"href":"https:\/\/arlsliberdade.com.br\/index.php?rest_route=\/wp\/v2\/pages\/190","targetHints":{"allow":["GET"]}}],"collection":[{"href":"https:\/\/arlsliberdade.com.br\/index.php?rest_route=\/wp\/v2\/pages"}],"about":[{"href":"https:\/\/arlsliberdade.com.br\/index.php?rest_route=\/wp\/v2\/types\/page"}],"author":[{"embeddable":true,"href":"https:\/\/arlsliberdade.com.br\/index.php?rest_route=\/wp\/v2\/users\/8"}],"replies":[{"embeddable":true,"href":"https:\/\/arlsliberdade.com.br\/index.php?rest_route=%2Fwp%2Fv2%2Fcomments&post=190"}],"version-history":[{"count":12,"href":"https:\/\/arlsliberdade.com.br\/index.php?rest_route=\/wp\/v2\/pages\/190\/revisions"}],"predecessor-version":[{"id":493,"href":"https:\/\/arlsliberdade.com.br\/index.php?rest_route=\/wp\/v2\/pages\/190\/revisions\/493"}],"wp:attachment":[{"href":"https:\/\/arlsliberdade.com.br\/index.php?rest_route=%2Fwp%2Fv2%2Fmedia&parent=190"}],"curies":[{"name":"wp","href":"https:\/\/api.w.org\/{rel}","templated":true}]}}