{"id":246,"date":"2022-04-07T10:29:13","date_gmt":"2022-04-07T13:29:13","guid":{"rendered":"https:\/\/arlsliberdade.com.br\/?page_id=246"},"modified":"2022-04-07T15:08:02","modified_gmt":"2022-04-07T18:08:02","slug":"hino-da-fraternidade-feminina","status":"publish","type":"page","link":"https:\/\/arlsliberdade.com.br\/?page_id=246","title":{"rendered":"Hino da Fraternidade Feminina"},"content":{"rendered":"\n<h2 class=\"has-text-align-center wp-block-heading\"><strong>Hino da Fraternidade Feminina Cruzeiro do Sul<\/strong><\/h2>\n\n\n\n<p><strong>Estrelas Brilhantes<\/strong><br>Autora: Heleudes Nazar\u00e9 da Silva Bog\u00e9a<\/p>\n\n\n\n<p class=\"has-text-align-center\">\u00c0 noite ao surgir forma a cruz da uni\u00e3o;<br>Este s\u00edmbolo imponente de estrelas que brilhar\u00e3o;<br>S\u00e3o mulheres valentes com ideais de servir;<br>Conquistando seu espa\u00e7o renascendo e vivendo feliz.<\/p>\n\n\n\n<p class=\"has-text-align-center\">Vem cruzeiro, vem mostrar;<br>Qual a nossa dire\u00e7\u00e3o;<br>Norte e Sul, Leste e Oeste;<br>Todos na mesma uni\u00e3o.<\/p>\n\n\n\n<p class=\"has-text-align-center\">Cruzeiro do Sul faz brilhar a dire\u00e7\u00e3o;<br>Leva contigo o meu cora\u00e7\u00e3o; (refr\u00e3o)<br>Torna poss\u00edvel a luz do servir;<br>Faz o amor ressurgir.<\/p>\n\n\n\n<p class=\"has-text-align-center\">E quando na manh\u00e3;<br>A luz possa apagar;<br>O grande Deus faz brilhar;<br>O sol do novo viver;<br>E na escurid\u00e3o, sei que voc\u00ea vai nascer;<br>Dando esperan\u00e7a de um novo renascer.<\/p>\n\n\n\n<p class=\"has-text-align-center\">Cruzeiro do Sul faz brilhar a dire\u00e7\u00e3o;<br>Leva contigo o meu cora\u00e7\u00e3o; (refr\u00e3o)<br>Torna poss\u00edvel a luz do servir;<br>Faz o amor ressurgir.<\/p>\n\n\n\n<figure class=\"wp-block-audio aligncenter\"><audio controls src=\"http:\/\/arlsliberdade.com.br\/wp-content\/uploads\/2022\/04\/Hino_Frafem.mp3\"><\/audio><figcaption>Clique para ouvir o Hino da fraternidade Feminina<\/figcaption><\/figure>\n\n\n\n<hr class=\"wp-block-separator\"\/>\n","protected":false},"excerpt":{"rendered":"<p>Hino da Fraternidade Feminina Cruzeiro do Sul Estrelas BrilhantesAutora: Heleudes Nazar\u00e9 da Silva Bog\u00e9a \u00c0 noite ao surgir forma a cruz da uni\u00e3o;Este s\u00edmbolo imponente de estrelas que brilhar\u00e3o;S\u00e3o mulheres valentes com ideais de servir;Conquistando seu espa\u00e7o renascendo e vivendo feliz. Vem cruzeiro, vem mostrar;Qual a nossa dire\u00e7\u00e3o;Norte e Sul, Leste e Oeste;Todos na mesma&hellip;&nbsp;<a href=\"https:\/\/arlsliberdade.com.br\/?page_id=246\" rel=\"bookmark\">Continue a ler &raquo;<span class=\"screen-reader-text\">Hino da Fraternidade Feminina<\/span><\/a><\/p>\n","protected":false},"author":1,"featured_media":0,"parent":0,"menu_order":0,"comment_status":"closed","ping_status":"closed","template":"","meta":{"neve_meta_sidebar":"full-width","neve_meta_container":"","neve_meta_enable_content_width":"on","neve_meta_content_width":100,"neve_meta_title_alignment":"","neve_meta_author_avatar":"","neve_post_elements_order":"","neve_meta_disable_header":"","neve_meta_disable_footer":"","neve_meta_disable_title":"on","footnotes":""},"class_list":["post-246","page","type-page","status-publish","hentry"],"_links":{"self":[{"href":"https:\/\/arlsliberdade.com.br\/index.php?rest_route=\/wp\/v2\/pages\/246","targetHints":{"allow":["GET"]}}],"collection":[{"href":"https:\/\/arlsliberdade.com.br\/index.php?rest_route=\/wp\/v2\/pages"}],"about":[{"href":"https:\/\/arlsliberdade.com.br\/index.php?rest_route=\/wp\/v2\/types\/page"}],"author":[{"embeddable":true,"href":"https:\/\/arlsliberdade.com.br\/index.php?rest_route=\/wp\/v2\/users\/1"}],"replies":[{"embeddable":true,"href":"https:\/\/arlsliberdade.com.br\/index.php?rest_route=%2Fwp%2Fv2%2Fcomments&post=246"}],"version-history":[{"count":5,"href":"https:\/\/arlsliberdade.com.br\/index.php?rest_route=\/wp\/v2\/pages\/246\/revisions"}],"predecessor-version":[{"id":276,"href":"https:\/\/arlsliberdade.com.br\/index.php?rest_route=\/wp\/v2\/pages\/246\/revisions\/276"}],"wp:attachment":[{"href":"https:\/\/arlsliberdade.com.br\/index.php?rest_route=%2Fwp%2Fv2%2Fmedia&parent=246"}],"curies":[{"name":"wp","href":"https:\/\/api.w.org\/{rel}","templated":true}]}}