{"id":337,"date":"2022-04-14T18:49:47","date_gmt":"2022-04-14T21:49:47","guid":{"rendered":"https:\/\/arlsliberdade.com.br\/?page_id=337"},"modified":"2022-04-14T19:09:52","modified_gmt":"2022-04-14T22:09:52","slug":"gob-pr-hinario-edicao-2016","status":"publish","type":"page","link":"https:\/\/arlsliberdade.com.br\/?page_id=337","title":{"rendered":"GOB-PR &#8211; Hin\u00e1rio &#8211; Edi\u00e7\u00e3o 2016"},"content":{"rendered":"\n<h1 class=\"has-text-align-center wp-block-heading\"><strong>GOB-PR &#8211; Hin\u00e1rio &#8211; Edi\u00e7\u00e3o 2016<\/strong><\/h1>\n\n\n\n<h3 class=\"has-text-align-center wp-block-heading\"><strong>P\u00e1trios &#8211; C\u00edvicos &#8211; Ma\u00e7\u00f4nicos<\/strong><\/h3>\n\n\n\n<figure class=\"wp-block-table is-style-stripes has-medium-font-size\"><table><thead><tr><th class=\"has-text-align-left\" data-align=\"left\">N\u00ba<\/th><th class=\"has-text-align-left\" data-align=\"left\">Hino<\/th><th class=\"has-text-align-left\" data-align=\"left\"><\/th><th class=\"has-text-align-left\" data-align=\"left\">Dura\u00e7\u00e3o<\/th><\/tr><\/thead><tbody><tr><td class=\"has-text-align-left\" data-align=\"left\">01<\/td><td class=\"has-text-align-left\" data-align=\"left\"><a href=\"https:\/\/arlsliberdade.com.br\/?page_id=345\" data-type=\"page\" data-id=\"345\">Hino Nacional<\/a><\/td><td class=\"has-text-align-left\" data-align=\"left\">Inteiro | Cantado<\/td><td class=\"has-text-align-left\" data-align=\"left\">3:56<\/td><\/tr><tr><td class=\"has-text-align-left\" data-align=\"left\">02<\/td><td class=\"has-text-align-left\" data-align=\"left\"><a href=\"https:\/\/arlsliberdade.com.br\/?page_id=345\" data-type=\"page\" data-id=\"345\">Hino Nacional<\/a><\/td><td class=\"has-text-align-left\" data-align=\"left\">1\u00aa Parte | Tocado<\/td><td class=\"has-text-align-left\" data-align=\"left\">1:57<\/td><\/tr><tr><td class=\"has-text-align-left\" data-align=\"left\">03<\/td><td class=\"has-text-align-left\" data-align=\"left\">Hino \u00e0 Bandeira<\/td><td class=\"has-text-align-left\" data-align=\"left\">1\u00aa e 4\u00aa | Cantado<\/td><td class=\"has-text-align-left\" data-align=\"left\">2:19<\/td><\/tr><tr><td class=\"has-text-align-left\" data-align=\"left\">04<\/td><td class=\"has-text-align-left\" data-align=\"left\">Hino \u00e0 Bandeira<\/td><td class=\"has-text-align-left\" data-align=\"left\">1\u00aa e 4\u00aa | Tocado<\/td><td class=\"has-text-align-left\" data-align=\"left\">2:37<\/td><\/tr><tr><td class=\"has-text-align-left\" data-align=\"left\">05<\/td><td class=\"has-text-align-left\" data-align=\"left\">Hino da Independ\u00eancia<\/td><td class=\"has-text-align-left\" data-align=\"left\">Cantado<\/td><td class=\"has-text-align-left\" data-align=\"left\">4:43<\/td><\/tr><tr><td class=\"has-text-align-left\" data-align=\"left\">06<\/td><td class=\"has-text-align-left\" data-align=\"left\">Hino da Rep\u00fablica<\/td><td class=\"has-text-align-left\" data-align=\"left\">Cantado<\/td><td class=\"has-text-align-left\" data-align=\"left\">4:32<\/td><\/tr><tr><td class=\"has-text-align-left\" data-align=\"left\">07<\/td><td class=\"has-text-align-left\" data-align=\"left\">Hino do Paran\u00e1<\/td><td class=\"has-text-align-left\" data-align=\"left\">Cantado<\/td><td class=\"has-text-align-left\" data-align=\"left\">3:19<\/td><\/tr><tr><td class=\"has-text-align-left\" data-align=\"left\">08<\/td><td class=\"has-text-align-left\" data-align=\"left\">Hino de Curitiba<\/td><td class=\"has-text-align-left\" data-align=\"left\">Cantado<\/td><td class=\"has-text-align-left\" data-align=\"left\">2:22<\/td><\/tr><tr><td class=\"has-text-align-left\" data-align=\"left\">09<\/td><td class=\"has-text-align-left\" data-align=\"left\">Hino \u00e0 Caxias<\/td><td class=\"has-text-align-left\" data-align=\"left\">Cantado<\/td><td class=\"has-text-align-left\" data-align=\"left\">2:40<\/td><\/tr><tr><td class=\"has-text-align-left\" data-align=\"left\">10<\/td><td class=\"has-text-align-left\" data-align=\"left\">Hino da Ma\u00e7onaria<\/td><td class=\"has-text-align-left\" data-align=\"left\">Cantado<\/td><td class=\"has-text-align-left\" data-align=\"left\">4:39<\/td><\/tr><tr><td class=\"has-text-align-left\" data-align=\"left\">11<\/td><td class=\"has-text-align-left\" data-align=\"left\">Hino do GOB-PR<\/td><td class=\"has-text-align-left\" data-align=\"left\">Cantado<\/td><td class=\"has-text-align-left\" data-align=\"left\">3:42<\/td><\/tr><tr><td class=\"has-text-align-left\" data-align=\"left\">12<\/td><td class=\"has-text-align-left\" data-align=\"left\">Hino do GOB-PR<\/td><td class=\"has-text-align-left\" data-align=\"left\">Tocado<\/td><td class=\"has-text-align-left\" data-align=\"left\">3:41<\/td><\/tr><tr><td class=\"has-text-align-left\" data-align=\"left\">13<\/td><td class=\"has-text-align-left\" data-align=\"left\">Hino do Aprendiz<\/td><td class=\"has-text-align-left\" data-align=\"left\">Cantado<\/td><td class=\"has-text-align-left\" data-align=\"left\">1:56<\/td><\/tr><\/tbody><\/table><figcaption><strong>Cllique no nome do hino para ter acesso \u00e0 letra e m\u00fasica.<\/strong><\/figcaption><\/figure>\n\n\n\n<div class=\"wp-block-image\"><figure class=\"aligncenter size-full is-resized\"><img loading=\"lazy\" decoding=\"async\" src=\"http:\/\/arlsliberdade.com.br\/wp-content\/uploads\/2022\/04\/Etiqueta-CD.png\" alt=\"\" class=\"wp-image-338\" width=\"376\" height=\"376\" srcset=\"https:\/\/arlsliberdade.com.br\/wp-content\/uploads\/2022\/04\/Etiqueta-CD.png 501w, https:\/\/arlsliberdade.com.br\/wp-content\/uploads\/2022\/04\/Etiqueta-CD-300x300.png 300w, https:\/\/arlsliberdade.com.br\/wp-content\/uploads\/2022\/04\/Etiqueta-CD-150x150.png 150w\" sizes=\"auto, (max-width: 376px) 100vw, 376px\" \/><\/figure><\/div>\n","protected":false},"excerpt":{"rendered":"<p>GOB-PR &#8211; Hin\u00e1rio &#8211; Edi\u00e7\u00e3o 2016 P\u00e1trios &#8211; C\u00edvicos &#8211; Ma\u00e7\u00f4nicos N\u00ba Hino Dura\u00e7\u00e3o 01 Hino Nacional Inteiro | Cantado 3:56 02 Hino Nacional 1\u00aa Parte | Tocado 1:57 03 Hino \u00e0 Bandeira 1\u00aa e 4\u00aa | Cantado 2:19 04 Hino \u00e0 Bandeira 1\u00aa e 4\u00aa | Tocado 2:37 05 Hino da Independ\u00eancia Cantado 4:43&hellip;&nbsp;<a href=\"https:\/\/arlsliberdade.com.br\/?page_id=337\" rel=\"bookmark\">Continue a ler &raquo;<span class=\"screen-reader-text\">GOB-PR &#8211; Hin\u00e1rio &#8211; Edi\u00e7\u00e3o 2016<\/span><\/a><\/p>\n","protected":false},"author":1,"featured_media":0,"parent":0,"menu_order":0,"comment_status":"closed","ping_status":"closed","template":"","meta":{"neve_meta_sidebar":"full-width","neve_meta_container":"","neve_meta_enable_content_width":"on","neve_meta_content_width":100,"neve_meta_title_alignment":"","neve_meta_author_avatar":"","neve_post_elements_order":"","neve_meta_disable_header":"","neve_meta_disable_footer":"","neve_meta_disable_title":"on","footnotes":""},"class_list":["post-337","page","type-page","status-publish","hentry"],"_links":{"self":[{"href":"https:\/\/arlsliberdade.com.br\/index.php?rest_route=\/wp\/v2\/pages\/337","targetHints":{"allow":["GET"]}}],"collection":[{"href":"https:\/\/arlsliberdade.com.br\/index.php?rest_route=\/wp\/v2\/pages"}],"about":[{"href":"https:\/\/arlsliberdade.com.br\/index.php?rest_route=\/wp\/v2\/types\/page"}],"author":[{"embeddable":true,"href":"https:\/\/arlsliberdade.com.br\/index.php?rest_route=\/wp\/v2\/users\/1"}],"replies":[{"embeddable":true,"href":"https:\/\/arlsliberdade.com.br\/index.php?rest_route=%2Fwp%2Fv2%2Fcomments&post=337"}],"version-history":[{"count":4,"href":"https:\/\/arlsliberdade.com.br\/index.php?rest_route=\/wp\/v2\/pages\/337\/revisions"}],"predecessor-version":[{"id":347,"href":"https:\/\/arlsliberdade.com.br\/index.php?rest_route=\/wp\/v2\/pages\/337\/revisions\/347"}],"wp:attachment":[{"href":"https:\/\/arlsliberdade.com.br\/index.php?rest_route=%2Fwp%2Fv2%2Fmedia&parent=337"}],"curies":[{"name":"wp","href":"https:\/\/api.w.org\/{rel}","templated":true}]}}