{"id":345,"date":"2022-04-14T19:09:06","date_gmt":"2022-04-14T22:09:06","guid":{"rendered":"https:\/\/arlsliberdade.com.br\/?page_id=345"},"modified":"2022-04-14T19:11:32","modified_gmt":"2022-04-14T22:11:32","slug":"hino-nacional-2","status":"publish","type":"page","link":"https:\/\/arlsliberdade.com.br\/?page_id=345","title":{"rendered":"Hino Nacional"},"content":{"rendered":"\n<h2 class=\"has-text-align-center wp-block-heading\">Hino Nacional Brasileiro<\/h2>\n\n\n\n<p><em>Letra: Joaquim Os\u00f3rio Duque Estrada<\/em><br><em>M\u00fasica: Francisco Manuel da Silva<\/em><\/p>\n\n\n\n<p class=\"has-text-align-center\"><strong>Parte I<\/strong><\/p>\n\n\n\n<p class=\"has-text-align-center\">Ouviram do Ipiranga as margens pl\u00e1cidas<br>De um povo her\u00f3ico o brado retumbante,<br>E o sol da liberdade, em raios f\u00falgidos,<br>Brilhou no c\u00e9u da p\u00e1tria nesse instante.<br>Se o penhor dessa igualdade<br>Conseguimos conquistar com bra\u00e7o forte,<br>Em teu seio, \u00f3 liberdade,<br>Desafia o nosso peito a pr\u00f3pria morte!<br>\u00d3 P\u00e1tria amada,<br>Idolatrada,<br>Salve! Salve!<br>Brasil, um sonho intenso, um raio v\u00edvido<br>De amor e de esperan\u00e7a \u00e0 terra desce,<br>Se em teu formoso c\u00e9u, risonho e l\u00edmpido,<br>A imagem do Cruzeiro resplandece.<br>Gigante pela pr\u00f3pria natureza,<br>\u00c9s belo, \u00e9s forte, imp\u00e1vido colosso,<br>E o teu futuro espelha essa grandeza.<br>Terra adorada,<br>Entre outras mil,<br>\u00c9s tu, Brasil,<br>\u00d3 P\u00e1tria amada!<br>Dos filhos deste solo \u00e9s m\u00e3e gentil,<br>P\u00e1tria amada,<br>Brasil!<\/p>\n\n\n\n<p class=\"has-text-align-center\"><strong>Parte II<\/strong><\/p>\n\n\n\n<p class=\"has-text-align-center\">Deitado eternamente em ber\u00e7o espl\u00eandido,<br>Ao som do mar e \u00e0 luz do c\u00e9u profundo,<br>Fulguras, \u00f3 Brasil, flor\u00e3o da Am\u00e9rica,<br>Iluminado ao sol do Novo Mundo!<br>Do que a terra, mais garrida,<br>Teus risonhos, lindos campos t\u00eam mais flores;<br>&#8220;Nossos bosques t\u00eam mais vida&#8221;,<br>&#8220;Nossa vida&#8221; no teu seio &#8220;mais amores.&#8221;<br>\u00d3 P\u00e1tria amada,<br>Idolatrada,<br>Salve! Salve!<br>Brasil, de amor eterno seja s\u00edmbolo<br>O l\u00e1baro que ostentas estrelado,<br>E diga o verde-louro dessa fl\u00e2mula<\/p>\n\n\n\n<p class=\"has-text-align-center\">Paz no futuro e gl\u00f3ria no passado.<br>Mas, se ergues da justi\u00e7a a clava forte,<br>Ver\u00e1s que um filho teu n\u00e3o foge \u00e0 luta,<br>Nem teme, quem te adora, a pr\u00f3pria morte.<br>Terra adorada,<br>Entre outras mil,<br>\u00c9s tu, Brasil,<br>\u00d3 P\u00e1tria amada!<br>Dos filhos deste solo \u00e9s m\u00e3e gentil,<br>P\u00e1tria amada,<br>Brasil!<\/p>\n\n\n\n<h3 class=\"has-text-align-center wp-block-heading\"><strong>Inteiro &#8211; Cantado<\/strong><\/h3>\n\n\n\n<figure class=\"wp-block-audio aligncenter\"><audio controls src=\"http:\/\/arlsliberdade.com.br\/wp-content\/uploads\/2022\/04\/01-Hino-Nacional.mp3\"><\/audio><figcaption>Clique para ouvir o Hino Nacional &#8211; Cantado<\/figcaption><\/figure>\n\n\n\n<hr class=\"wp-block-separator\"\/>\n\n\n\n<h3 class=\"has-text-align-center wp-block-heading\"><strong>1\u00aa Parte &#8211; Tocado<\/strong><\/h3>\n\n\n\n<figure class=\"wp-block-audio aligncenter\"><audio controls src=\"http:\/\/arlsliberdade.com.br\/wp-content\/uploads\/2022\/04\/02-Hino-Nacional-1a-Parte-Tocado.mp3\"><\/audio><figcaption>Clique para ouvir o Hino Nacional &#8211; 1\u00aa Parte &#8211; Tocado<\/figcaption><\/figure>\n\n\n\n<hr class=\"wp-block-separator\"\/>\n","protected":false},"excerpt":{"rendered":"<p>Hino Nacional Brasileiro Letra: Joaquim Os\u00f3rio Duque EstradaM\u00fasica: Francisco Manuel da Silva Parte I Ouviram do Ipiranga as margens pl\u00e1cidasDe um povo her\u00f3ico o brado retumbante,E o sol da liberdade, em raios f\u00falgidos,Brilhou no c\u00e9u da p\u00e1tria nesse instante.Se o penhor dessa igualdadeConseguimos conquistar com bra\u00e7o forte,Em teu seio, \u00f3 liberdade,Desafia o nosso peito a&hellip;&nbsp;<a href=\"https:\/\/arlsliberdade.com.br\/?page_id=345\" rel=\"bookmark\">Continue a ler &raquo;<span class=\"screen-reader-text\">Hino Nacional<\/span><\/a><\/p>\n","protected":false},"author":1,"featured_media":0,"parent":0,"menu_order":0,"comment_status":"closed","ping_status":"closed","template":"","meta":{"neve_meta_sidebar":"full-width","neve_meta_container":"","neve_meta_enable_content_width":"on","neve_meta_content_width":100,"neve_meta_title_alignment":"","neve_meta_author_avatar":"","neve_post_elements_order":"","neve_meta_disable_header":"","neve_meta_disable_footer":"","neve_meta_disable_title":"","footnotes":""},"class_list":["post-345","page","type-page","status-publish","hentry"],"_links":{"self":[{"href":"https:\/\/arlsliberdade.com.br\/index.php?rest_route=\/wp\/v2\/pages\/345","targetHints":{"allow":["GET"]}}],"collection":[{"href":"https:\/\/arlsliberdade.com.br\/index.php?rest_route=\/wp\/v2\/pages"}],"about":[{"href":"https:\/\/arlsliberdade.com.br\/index.php?rest_route=\/wp\/v2\/types\/page"}],"author":[{"embeddable":true,"href":"https:\/\/arlsliberdade.com.br\/index.php?rest_route=\/wp\/v2\/users\/1"}],"replies":[{"embeddable":true,"href":"https:\/\/arlsliberdade.com.br\/index.php?rest_route=%2Fwp%2Fv2%2Fcomments&post=345"}],"version-history":[{"count":2,"href":"https:\/\/arlsliberdade.com.br\/index.php?rest_route=\/wp\/v2\/pages\/345\/revisions"}],"predecessor-version":[{"id":348,"href":"https:\/\/arlsliberdade.com.br\/index.php?rest_route=\/wp\/v2\/pages\/345\/revisions\/348"}],"wp:attachment":[{"href":"https:\/\/arlsliberdade.com.br\/index.php?rest_route=%2Fwp%2Fv2%2Fmedia&parent=345"}],"curies":[{"name":"wp","href":"https:\/\/api.w.org\/{rel}","templated":true}]}}