{"id":99,"date":"2020-07-26T17:09:13","date_gmt":"2020-07-26T20:09:13","guid":{"rendered":"https:\/\/arlsliberdade.com.br\/?page_id=99"},"modified":"2025-12-05T16:33:10","modified_gmt":"2025-12-05T19:33:10","slug":"historia-da-loja-liberdade","status":"publish","type":"page","link":"https:\/\/arlsliberdade.com.br\/?page_id=99","title":{"rendered":"Hist\u00f3ria da Loja Liberdade 2893"},"content":{"rendered":"\n<p><\/p>\n\n\n<div class=\"wp-block-image\">\n<figure class=\"aligncenter size-full\"><img loading=\"lazy\" decoding=\"async\" width=\"575\" height=\"575\" src=\"http:\/\/arlsliberdade.com.br\/wp-content\/uploads\/2020\/07\/Logo-Liberdade-1.png\" alt=\"\" class=\"wp-image-42\" srcset=\"https:\/\/arlsliberdade.com.br\/wp-content\/uploads\/2020\/07\/Logo-Liberdade-1.png 575w, https:\/\/arlsliberdade.com.br\/wp-content\/uploads\/2020\/07\/Logo-Liberdade-1-300x300.png 300w, https:\/\/arlsliberdade.com.br\/wp-content\/uploads\/2020\/07\/Logo-Liberdade-1-150x150.png 150w\" sizes=\"auto, (max-width: 575px) 100vw, 575px\" \/><\/figure>\n<\/div>\n\n\n<h2 class=\"wp-block-heading\"><strong>Hist\u00f3ria da Loja Liberdade 2893<\/strong><\/h2>\n\n\n\n<p>A primeira Loja a funcionar no Rito de York no Estado do Paran\u00e1 foi fundada em Curitiba, em 13 de fevereiro de 1989, na Grande Loja do Paran\u00e1, e recebeu o nome de Liberdade n\u00famero 81. Foram membros fundadores desta Loja: Adelson Damasceno Santos, Adolfo Bley, Alcy Joaquim Ramalho, Benevenuto Alves Fagundes, Eur\u00edpedes da Motta Paz, Jorge R. Pfuentzenreutner, Jos\u00e9 Rodrigues Filho, Mauro Blumenthal Silka, Sidney Pinto e Valdeci Chalegre dos Santos.<\/p>\n\n\n\n<p>A Loja Liberdade 81 funcionou provisoriamente at\u00e9 14 de agosto de 1990, quando recebeu sua Carta Patente da Grande Loja do Paran\u00e1. No dia seguinte, 15 de agosto de 1990, o Vener\u00e1vel Mestre Jorge R. Pfuentzenreutner tomou posse com mandato at\u00e9 agosto 1991, quando foi substitu\u00eddo pelo Ir. Eur\u00edpedes da Motta Paz, com mandato at\u00e9 agosto de 1993.<\/p>\n\n\n\n<p>Quando a Loja Liberdade foi fundada, o Eminente Irm\u00e3o Adolfo Bley era o Gr\u00e3o Mestre da Grande Loja do Paran\u00e1 e, mais tarde, em 1992, o Irm\u00e3o Sidney Pinto viria a substitu\u00ed-lo. A Loja Liberdade iniciava com grande potencial.<br>Para a funda\u00e7\u00e3o da Loja Liberdade no Rito de York, o saudoso Irm\u00e3o Alcy Ramalho e o Irm\u00e3o Jos\u00e9 Rodrigues traduziram do ingl\u00eas um ritual, mas o permearam com costumes do Rito Escoc\u00eas Antigo e Aceito, no qual eram mestres. Deram ao documento o nome de Cerim\u00f4nias Ma\u00e7\u00f4nicas \u2013 Rito de York, e publicaram para uso exclusivo da Loja.<\/p>\n\n\n\n<p>A Loja foi instalada numa sala comercial no Centro de Curitiba na Avenida Visconde de Guarapuava, n\u00famero 2646, no segundo andar, ao lado do Instituto de Criminal\u00edstica da Secretaria de Seguran\u00e7a do Paran\u00e1.<br>A segunda Loja a ser fundada no Rito de York no Estado do Paran\u00e1 e a primeira nesse rito no Grande Oriente do Brasil \u2013 Paran\u00e1, foi a Loja Mac Arthur 2724, fundada em 13 de maio de 1993, que tamb\u00e9m utilizava a sala da Loja Liberdade na Avenida Visconde de Guarapuava.<\/p>\n\n\n\n<p>A terceira Loja a funcionar no Rito de York no Paran\u00e1 foi a Loja Os Templ\u00e1rios, fundada na Grande Loja do Paran\u00e1 sob o n\u00famero 83, em 12 de julho de 1990, trabalhava no Rito Escoc\u00eas Antigo e Aceito. Quando em 13 de dezembro de 1994 transferiu-se para o Grande Oriente do Brasil, recebeu o n\u00famero 2819, passou a funcionar no Rito de York e tamb\u00e9m alugou a Sala da Loja Liberdade, na Avenida Visconde de Guarapuava.<\/p>\n\n\n\n<p>Em 1994 a Loja Liberdade alugou uma segunda Sala, ainda maior, no terceiro andar do mesmo edif\u00edcio e a decorou para funcionar no Rito de York, pois a divulga\u00e7\u00e3o do Rito em Curitiba despertava interesse e novas Lojas estavam sendo criadas.<\/p>\n\n\n\n<p>No entanto, em 1995 desencadeou-se uma crise pol\u00edtica entre a Loja Liberdade e a Pot\u00eancia Grande Loja do Paran\u00e1, em \u00e9poca de elei\u00e7\u00f5es para um novo mandato do Gr\u00e3o Mestre. O Irm\u00e3o Sidney Pinto, que j\u00e1 n\u00e3o frequentava a Loja Liberdade por ser o Gr\u00e3o Mestre, era candidato \u00e0 reelei\u00e7\u00e3o e o Irm\u00e3o Alcy Joaquim Ramalho tamb\u00e9m pretendia ser o pr\u00f3ximo Gr\u00e3o Mestre.<\/p>\n\n\n\n<p>A Grande Loja do Paran\u00e1 entendeu que a Loja Liberdade alugava irregularmente sua Sala de reuni\u00e3o para a Loja General Mac Arthur 2724 e para a Loja Os Templ\u00e1rios 2819, vinculadas \u00e0 outra Pot\u00eancia, ao Grande Oriente do Brasil, e que o Irm\u00e3o Alcy Joaquim Ramalho, respons\u00e1vel por esses contratos e por estar sendo processado pela Uni\u00e3o por improbidade administrativa, na \u00e9poca em que foi Reitor da Universidade Federal do Paran\u00e1, deveria ser afastado da ma\u00e7onaria.<\/p>\n\n\n\n<p>A Loja Liberdade recebeu essa decis\u00e3o do Gr\u00e3o Mestre Sidney Pinto com indigna\u00e7\u00e3o e acreditando que o Irm\u00e3o Alcy era inocente &#8211; tanto que mais tarde a conclus\u00e3o do processo foi pela absolvi\u00e7\u00e3o do Irm\u00e3o &#8211; reuniu-se em C\u00e2mara do Meio para deliberar sobre o assunto, em julho de 1995.<\/p>\n\n\n\n<p>Conclu\u00edram, por decis\u00e3o da maioria absoluta, que a Loja Liberdade seria transferida para o Grande Oriente do Brasil &#8211; Paran\u00e1 &#8211; GOB-PR, se essa Pot\u00eancia a aceitasse, com todo patrim\u00f4nio e suas duas Salas de reuni\u00e3o. A exemplo da Loja Os Templ\u00e1rios, que j\u00e1 havia se transferido para o GOB-PR em 1994, onde recebeu o n\u00famero 2819.<br>Ap\u00f3s a sess\u00e3o, a decis\u00e3o foi comunicada aos Companheiros e Aprendizes. Como a decis\u00e3o n\u00e3o foi por unanimidade, aqueles que n\u00e3o a aprovaram, ou pediram o quite-placet e adormeceram ou pediram transfer\u00eancia para outras Lojas da Grande Loja do Paran\u00e1. Todos os Aprendizes e Companheiros decidiram seguir com a Loja para o GOB-PR.<br>Mesmo afastada da Grande Loja do Paran\u00e1, em agosto de 1995 o Irm\u00e3o Joel Navarro J\u00fanior foi empossado Vener\u00e1vel Mestre, com mandato at\u00e9 1997.<\/p>\n\n\n\n<p>A Loja Liberdade funcionou sem vincula\u00e7\u00e3o \u00e0 Pot\u00eancia, enquanto mantinha a negocia\u00e7\u00e3o com o GOB-PR, de julho at\u00e9 9 de novembro de 1995, quando foi regularizada, conforme a Carta Constitutiva do GOB, sob o n\u00famero 2893.<br>Nessa ocasi\u00e3o o Gr\u00e3o Mestre do GOB-PR era o Eminente Irm\u00e3o Cliceu Luis Bassetti. A comiss\u00e3o regularizadora foi presidida pelo Irm\u00e3o J\u00falio Werner Hackradt que contou com o aux\u00edlio dos irm\u00e3os Grevy Gon\u00e7alves de Oliveira e Carlos Vicente Gomes. A sess\u00e3o teve a presen\u00e7a de todos os 12 membros da Loja Liberdade: Alcy Joaquim Ramalho \u2013 MI &#8211; Capel\u00e3o; Carlos Keller &#8211; CM &#8211; Secret\u00e1rio; Joel Navarro J\u00fanior &#8211; MI &#8211; Vener\u00e1vel Mestre; Jos\u00e9 Concei\u00e7\u00e3o Bueno Moreira \u2013 MM; Jurandir Silva Toledo &#8211; CM &#8211; Cobridor; Luiz Messagi Filho &#8211; MM &#8211; Primeiro Vigilante; Marlon Maziozeki Rocha &#8211; MM &#8211; Guarda Interno; Mauro Mello Piazzeta &#8211; MM &#8211; Segundo Vigilante; Reinhold Stephanes J\u00fanior \u2013 MM &#8211; Primeiro Di\u00e1cono; Saulo Assump\u00e7\u00e3o &#8211; CM &#8211; Organista; Vilson Trevisan &#8211; MM &#8211; Segundo Di\u00e1cono; Wanderley Niehues &#8211; CM &#8211; Tesoureiro.<\/p>\n\n\n\n<p>Mas os ventos fortes que sopravam as colunas da Loja Liberdade n\u00e3o esmoreceram. Pouco tempo depois, em 1996, o dono do pr\u00e9dio em que a Loja tinha as duas salas de reuni\u00e3o pediu o im\u00f3vel que foi demolido e o terreno transformado em estacionamento. Sem interrup\u00e7\u00e3o de seus trabalhos, a Loja Liberdade alugou a Sala da Loja General Mac Arthur 2724, no Xaxim.<\/p>\n\n\n\n<p>O Irm\u00e3o Luiz Messagi Filho assumiu o cargo de Vener\u00e1vel em 1997, com mandato at\u00e9 1999. Em 1998, quando, por qualquer raz\u00e3o, a Loja Mac Arthur n\u00e3o podia mais nos dar guarida, a Loja Liberdade passou a reunir-se na garagem da casa do Irm\u00e3o Vilson Trevisan. O Irm\u00e3o Luiz Messagi Filho foi eleito Vener\u00e1vel Mestre por mais um mandato, de 1999 a 2001. O Irm\u00e3o Vilson Trevisan, que acolhia a Loja em sua casa, foi eleito Vener\u00e1vel Mestre para o per\u00edodo de 2001 a 2003.<\/p>\n\n\n\n<p>Quando terminou o per\u00edodo da diretoria presidida pelo Irm\u00e3o Vilson Trevisan, o Irm\u00e3o Saulo Assump\u00e7\u00e3o foi eleito Vener\u00e1vel Mestre da Loja com mandato de 2003 a 2005. Gra\u00e7as \u00e0 atua\u00e7\u00e3o dos irm\u00e3os, principalmente o Irm\u00e3o Luiz Messagi Filho e Alcy Joaquim Ramalho, a sua instala\u00e7\u00e3o na cadeira do Rei Salom\u00e3o aconteceu numa nova Sala na Rua Gr\u00e3 Nicco, no bairro Mossungu\u00ea (Ecoville), em julho de 2003. Essa Sala foi reformada e adaptada para uso da Loja pelo Irm\u00e3o Alcy Joaquim Ramalho.<\/p>\n\n\n\n<p>Mas os fortes ventos continuaram e em menos de um ano a s\u00edndica pediu que a Loja se retirasse, porque o Regimento Interno do Condom\u00ednio n\u00e3o permitia templos religiosos. A argumenta\u00e7\u00e3o de que Loja Ma\u00e7\u00f4nica n\u00e3o \u00e9 religi\u00e3o n\u00e3o foi aceita e a Loja retirou-se, aceitando a oferta do condom\u00ednio de n\u00e3o pagar a multa por rescis\u00e3o do contrato de aluguel e nem precisar corrigir as altera\u00e7\u00f5es que fez unindo duas salas comerciais para instala\u00e7\u00e3o da Loja.<\/p>\n\n\n\n<p>Socorreu-nos o Irm\u00e3o Fabr\u00edcio Colla, membro desta Loja na \u00e9poca e h\u00e1 muito adormecido, oferecendo-nos uma ed\u00edcula nos fundos da sua loja de autope\u00e7as na Rua Jo\u00e3o Negr\u00e3o, n\u00famero 1768. Mais uma vez foi necess\u00e1rio adaptar o espa\u00e7o para os servi\u00e7os ma\u00e7\u00f4nicos e \u00e0 frente da obra estava o Irm\u00e3o Alcy Joaquim Ramalho, auxiliado principalmente pelo Irm\u00e3o Jos\u00e9 Pinheiro Fernandes e por outros mais.<\/p>\n\n\n\n<p>A Loja funcionou l\u00e1 por menos de um ano e outra vez a amea\u00e7a de ficar sem local para reunir-se bateu \u00e0 porta da Loja Liberdade. Em 2005 o Irm\u00e3o Fabr\u00edcio Colla precisou desfazer-se da loja de autope\u00e7as por quest\u00f5es financeiras e a Loja Liberdade teve que procurar nova guarida. Foi assim que se iniciou a negocia\u00e7\u00e3o com o Gr\u00e3o Mestre da \u00e9poca, Eminente Irm\u00e3o Paulo Maia de Oliveira, para que a Loja Liberdade montasse uma Sala do Rito de York na sede do GOB-PR. O Gr\u00e3o Mestre n\u00e3o se mostrava confort\u00e1vel com a ideia porque muitas outras lojas poderiam pedir o mesmo benef\u00edcio e ele n\u00e3o poderia atender a todas.<\/p>\n\n\n\n<p>O Vener\u00e1vel da Loja Liberdade provocou uma reuni\u00e3o com o Gr\u00e3o Mestre Paulo Maia e compareceu com uma comiss\u00e3o constitu\u00edda pelos Vigilantes Francisco Stahlschmidt J\u00fanior e Adenir Tavares Coelho e o Past Master Luiz Messagi Filho. Com a influ\u00eancia do Gr\u00e3o Mestre Adjunto, Poderoso Irm\u00e3o Dalmo Wilson Louzada, que era favor\u00e1vel \u00e0 ideia da comiss\u00e3o, o Gr\u00e3o Mestre aprovou o funcionamento da Loja Liberdade na sede do GOB-PR. Ficou decidido que a biblioteca seria transferida para uma sala menor e a Loja Liberdade arcaria com todos os custos da reforma da Sala para a sua instala\u00e7\u00e3o e que funcionaria nas segundas-feiras, deixando os outros dias \u00e0 disposi\u00e7\u00e3o do GOB-PR.<\/p>\n\n\n\n<p>Mais uma vez o Irm\u00e3o Alcy Joaquim Ramalho dedicou-se a adaptar o espa\u00e7o em uma Sala adequada para a Loja. A primeira sess\u00e3o na nova Sala, na sede do GOB-PR, foi a instala\u00e7\u00e3o do Irm\u00e3o Francisco de Assis Stahlschmidt J\u00fanior, em junho de 2005, com mandato at\u00e9 2007. Depois, o Irm\u00e3o Adenir Tavares Coelho foi Vener\u00e1vel de 2007 a 2009; o Irm\u00e3o Andr\u00e9 Fernando Carvalho Teixeira o substituiu com mandato de 2009 a 2011; e o Irm\u00e3o Jos\u00e9 Miguel Pundeck de 2011 a mar\u00e7o de 2012, saindo antes por ter sido transferido para Joinville e o PV Irm\u00e3o Fernando Santos Laffitte foi eleito para completar o mandato de mar\u00e7o de 2012 a 2013.<\/p>\n\n\n\n<p>Em 10 de julho de 2010 ocorreu a Consagra\u00e7\u00e3o do Cap\u00edtulo dos Ma\u00e7ons do Arco Real Jerusal\u00e9m N\u00ba 73, vinculado \u00e0 Carta Patente da Loja Liberdade 2893, e jurisdicionado ao Supremo Grande Cap\u00edtulo dos Ma\u00e7ons do Arco Real do Brasil-GOB (SGCMARB-GOB). Jerusal\u00e9m 73 foi o primeiro Cap\u00edtulo do Estado do Paran\u00e1 a trabalhar esta Ordem de Aperfei\u00e7oamento Ma\u00e7\u00f4nico.<\/p>\n\n\n\n<p>Os ventos cessaram e a Loja Liberdade funcionou naquela Sala por mais 7 anos, at\u00e9 2012, quando uma nova reforma sob o comando dos irm\u00e3os Saulo Assump\u00e7\u00e3o, Ant\u00f4nio Marcus Blanski Mandalozzo e Jos\u00e9 Pinheiro Fernandes incorporou \u00e0 Sala mais 10 m\u00b2, renovou o piso, a ilumina\u00e7\u00e3o, a pintura das paredes, as cortinas e instalou o ar condicionado. Esta Sala foi utilizada por v\u00e1rias outras lojas e, inclusive, por um Cap\u00edtulo da Ordem DeMolay, por mais 6 anos, at\u00e9 2018, quando o Eminente Gr\u00e3o Mestre Luiz Rodrigo Larson Carstens reformou a sede do GOB-PR e construiu salas para os diversos ritos adotados pelo GOB.<\/p>\n\n\n\n<p>O Irm\u00e3o Antonio Marcus Blanski Mandalozzo assumiu o mandato de 2013 a 2015; o Irm\u00e3o Alisson Pazinatto, de 2015 a setembro de 2016, saindo antes por motivo de sa\u00fade e o PM Irm\u00e3o Antonio Marcus Blanski Mandalozzo assumiu para completar o mandato at\u00e9 2017.<\/p>\n\n\n\n<p>Em 2017 a Loja aprovou um novo Estatuto, reduzindo o mandato do Vener\u00e1vel Mestre de dois para um ano, e o Irm\u00e3o Juliano Zerbinatto foi o primeiro Vener\u00e1vel eleito por um ano, de 2017 a 2018. Foi substitu\u00eddo pelo Irm\u00e3o Eduardo Luiz Bonissoni com mandato de 2018 a 2019.<\/p>\n\n\n\n<p>No ano de 2018 at\u00e9 abril de 2019, enquanto o GOB-PR era reformado, a Loja Liberdade reuniu-se numa casa desocupada cedida pelo Irm\u00e3o Jo\u00e3o Juarez de Lima, na Rua Capit\u00e3o Le\u00f4nidas Marques, n\u00famero 14, no Bairro Uberaba.<\/p>\n\n\n\n<p>Por fim, em 23 de abril de 2019, o Gr\u00e3o Mestre Luiz Rodrigo Larson Carstens, com a conclus\u00e3o da reforma da sede do GOB-PR, presidiu a sagra\u00e7\u00e3o da nova Sala para o Rito de York chamada Templo da Fraternidade e, no dia 29 de abril, a Loja Liberdade efetuou sua primeira sess\u00e3o ritual\u00edstica na nova Sala sob o comando do ent\u00e3o VM Eduardo Luiz Bonissoni.<\/p>\n\n\n\n<p>Em junho de 2019 uma nova diretoria assumiu o comando da Loja Liberdade e como o Irm\u00e3o Ivanor Ant\u00f4nio Minatti, que estava sendo preparado para ser o novo Vener\u00e1vel Mestre, mudou-se para a It\u00e1lia, o Past Master Eduardo Luiz Bonissoni, generosamente aceitou assumir por mais um mandato, at\u00e9 junho de 2020. Por\u00e9m, com o advento da COVID19, que colocou em quarentena os brasileiros a partir de mar\u00e7o, o GOB decidiu prorrogar os mandatos das atuais diretorias das Lojas sob sua jurisdi\u00e7\u00e3o at\u00e9 o pr\u00f3ximo ano. Assim o mandato do VM Eduardo Luiz Bonissoni foi estendido at\u00e9 junho de 2021, quando foi eleita a nova diretoria, tendo como Vener\u00e1vel o Ir. Fernando Kossatz Saad com mandato de 2021 a 2022.<\/p>\n\n\n\n<p>Em 28 de julho de 2020 foi fundada na Loja Liberdade a Fraternidade Feminina Ac\u00e1cias da Liberdade, composta da seguinte diretoria: Presidente Carla Patr\u00edcia Metzger Ferreira Saad, Vice-Presidente Gisele de C\u00e1ssia Netzel de Moura Leite, Diretora Tesoureira Magda Aparecida Morgan Sasso, Diretora Cultural e Social Isabel C. C. M., e o Conselho Fiscal composto por Kelly Priscilla M. B. Mandalozzo e Amanda Cristina Pasqualini Peron, e o Conselho Consultivo composto por Cl\u00e1udia Cristiane Beeck de Oliveira e T\u00e2nia Maria Mello Rocha Mendes.<\/p>\n\n\n\n<p>Al\u00e9m de carregar sob sua \u00e9gide o fato de ser a primeira loja do Paran\u00e1 a trabalhar no Rito de York, a ARLS Liberdade possui vinculado \u00e0 sua Carta Patente o Cap\u00edtulo do Arco Real Jerusal\u00e9m 73, que foi tamb\u00e9m o primeiro Cap\u00edtulo do Estado do Paran\u00e1 a trabalhar esta Ordem de Aperfei\u00e7oamento Ma\u00e7\u00f4nico.<\/p>\n\n\n\n<p>Os 33 anos que se completaram neste dia 13 de fevereiro de 2022 nos trazem uma hist\u00f3ria de muitas lutas e conquistas e deixam os irm\u00e3os desta oficina com uma grande responsabilidade para continuar construindo este edif\u00edcio no esquadro e no compasso para as pr\u00f3ximas gera\u00e7\u00f5es, levando adiante o prop\u00f3sito de motivar e inspirar virtudes!<\/p>\n\n\n\n<hr class=\"wp-block-separator has-css-opacity\"\/>\n","protected":false},"excerpt":{"rendered":"<p>Hist\u00f3ria da Loja Liberdade 2893 A primeira Loja a funcionar no Rito de York no Estado do Paran\u00e1 foi fundada em Curitiba, em 13 de fevereiro de 1989, na Grande Loja do Paran\u00e1, e recebeu o nome de Liberdade n\u00famero 81. Foram membros fundadores desta Loja: Adelson Damasceno Santos, Adolfo Bley, Alcy Joaquim Ramalho, Benevenuto&hellip;&nbsp;<a href=\"https:\/\/arlsliberdade.com.br\/?page_id=99\" rel=\"bookmark\">Continue a ler &raquo;<span class=\"screen-reader-text\">Hist\u00f3ria da Loja Liberdade 2893<\/span><\/a><\/p>\n","protected":false},"author":1,"featured_media":0,"parent":0,"menu_order":0,"comment_status":"closed","ping_status":"closed","template":"","meta":{"neve_meta_sidebar":"full-width","neve_meta_container":"","neve_meta_enable_content_width":"off","neve_meta_content_width":0,"neve_meta_title_alignment":"","neve_meta_author_avatar":"","neve_post_elements_order":"","neve_meta_disable_header":"","neve_meta_disable_footer":"","neve_meta_disable_title":"on","footnotes":""},"class_list":["post-99","page","type-page","status-publish","hentry"],"_links":{"self":[{"href":"https:\/\/arlsliberdade.com.br\/index.php?rest_route=\/wp\/v2\/pages\/99","targetHints":{"allow":["GET"]}}],"collection":[{"href":"https:\/\/arlsliberdade.com.br\/index.php?rest_route=\/wp\/v2\/pages"}],"about":[{"href":"https:\/\/arlsliberdade.com.br\/index.php?rest_route=\/wp\/v2\/types\/page"}],"author":[{"embeddable":true,"href":"https:\/\/arlsliberdade.com.br\/index.php?rest_route=\/wp\/v2\/users\/1"}],"replies":[{"embeddable":true,"href":"https:\/\/arlsliberdade.com.br\/index.php?rest_route=%2Fwp%2Fv2%2Fcomments&post=99"}],"version-history":[{"count":18,"href":"https:\/\/arlsliberdade.com.br\/index.php?rest_route=\/wp\/v2\/pages\/99\/revisions"}],"predecessor-version":[{"id":422,"href":"https:\/\/arlsliberdade.com.br\/index.php?rest_route=\/wp\/v2\/pages\/99\/revisions\/422"}],"wp:attachment":[{"href":"https:\/\/arlsliberdade.com.br\/index.php?rest_route=%2Fwp%2Fv2%2Fmedia&parent=99"}],"curies":[{"name":"wp","href":"https:\/\/api.w.org\/{rel}","templated":true}]}}